{"id":28,"date":"2025-01-05T00:05:27","date_gmt":"2025-01-04T23:05:27","guid":{"rendered":"https:\/\/josuha-guilavogui-foundation.com\/?page_id=28"},"modified":"2025-02-27T13:39:42","modified_gmt":"2025-02-27T12:39:42","slug":"privacy-policy","status":"publish","type":"page","link":"https:\/\/josuha-guilavogui-foundation.com\/en\/privacy-policy\/","title":{"rendered":"Privacy policy"},"content":{"rendered":"<div data-elementor-type=\"wp-page\" data-elementor-id=\"28\" class=\"elementor elementor-28\" data-elementor-post-type=\"page\">\n\t\t\t\t<div data-particle_enable=\"false\" data-particle-mobile-disabled=\"false\" class=\"elementor-element elementor-element-de32cf8 e-flex e-con-boxed e-con e-parent\" data-id=\"de32cf8\" data-element_type=\"container\" data-e-type=\"container\" data-settings=\"{&quot;background_background&quot;:&quot;classic&quot;,&quot;jet_parallax_layout_list&quot;:[]}\">\n\t\t\t\t\t<div class=\"e-con-inner\">\n\t\t\t\t<div class=\"elementor-element elementor-element-b1faff5 elementor-widget elementor-widget-heading\" data-id=\"b1faff5\" data-element_type=\"widget\" data-e-type=\"widget\" data-widget_type=\"heading.default\">\n\t\t\t\t<div class=\"elementor-widget-container\">\n\t\t\t\t\t<h1 class=\"elementor-heading-title elementor-size-default\">Privacy policy<\/h1>\t\t\t\t<\/div>\n\t\t\t\t<\/div>\n\t\t\t\t<div class=\"elementor-element elementor-element-d940c96 elementor-align-center elementor-widget elementor-widget-breadcrumbs\" data-id=\"d940c96\" data-element_type=\"widget\" data-e-type=\"widget\" data-widget_type=\"breadcrumbs.default\">\n\t\t\t\t<div class=\"elementor-widget-container\">\n\t\t\t\t\t<p id=\"breadcrumbs\"><span><span><a href=\"https:\/\/josuha-guilavogui-foundation.com\/en\">Home<\/a><\/span><\/span><\/p>\t\t\t\t<\/div>\n\t\t\t\t<\/div>\n\t\t\t\t\t<\/div>\n\t\t\t\t<\/div>\n\t\t<div data-particle_enable=\"false\" data-particle-mobile-disabled=\"false\" class=\"elementor-element elementor-element-2a3cd93 e-flex e-con-boxed e-con e-parent\" data-id=\"2a3cd93\" data-element_type=\"container\" data-e-type=\"container\" data-settings=\"{&quot;jet_parallax_layout_list&quot;:[]}\">\n\t\t\t\t\t<div class=\"e-con-inner\">\n\t\t\t\t<div class=\"elementor-element elementor-element-18fe857 elementor-widget elementor-widget-text-editor\" data-id=\"18fe857\" data-element_type=\"widget\" data-e-type=\"widget\" data-widget_type=\"text-editor.default\">\n\t\t\t\t<div class=\"elementor-widget-container\">\n\t\t\t\t\t\t\t\t\t<p data-start=\"1604\" data-end=\"1888\"><strong data-start=\"1604\" data-end=\"1641\">Collection of personal data<\/strong><br data-start=\"1641\" data-end=\"1644\" \/>Personal data collected on the site <a href=\"https:\/\/josuha-guilavogui-foundation.com\/en\" target=\"_new\" rel=\"noopener\" data-start=\"1692\" data-end=\"1778\">https:\/\/josuha-guilavogui-foundation.com\/<\/a> are solely intended to respond to users' requests and improve their experience on the site.<\/p><p data-start=\"1890\" data-end=\"1937\">The information collected may include:<\/p><ul data-start=\"1938\" data-end=\"2041\"><li data-start=\"1938\" data-end=\"1955\">Full name<\/li><li data-start=\"1956\" data-end=\"1974\">E-mail address<\/li><li data-start=\"1975\" data-end=\"2041\">Any other information sent via the contact form<\/li><\/ul><p data-start=\"2043\" data-end=\"2120\"><strong data-start=\"2043\" data-end=\"2081\">Purpose of data processing<\/strong><br data-start=\"2081\" data-end=\"2084\" \/>Data is collected for :<\/p><ul data-start=\"2121\" data-end=\"2289\"><li data-start=\"2121\" data-end=\"2184\">Respond to requests sent via the contact form<\/li><li data-start=\"2185\" data-end=\"2249\">Manage relations with users and partners<\/li><li data-start=\"2250\" data-end=\"2289\">Improve site operation<\/li><\/ul><p data-start=\"2291\" data-end=\"2453\"><strong data-start=\"2291\" data-end=\"2328\">Data retention period<\/strong><br data-start=\"2328\" data-end=\"2331\" \/>The data collected is kept for a maximum of 3 years from the last contact with the user.<\/p><p data-start=\"2455\" data-end=\"2585\"><strong data-start=\"2455\" data-end=\"2478\">Data sharing<\/strong><br data-start=\"2478\" data-end=\"2481\" \/>Under no circumstances will data be sold or shared with third parties, except in the event of a legal obligation.<\/p><p data-start=\"2587\" data-end=\"2726\"><strong data-start=\"2587\" data-end=\"2614\">User rights<\/strong><br data-start=\"2614\" data-end=\"2617\" \/>In accordance with the General Data Protection Regulation (GDPR), you have the following rights:<\/p><ul data-start=\"2727\" data-end=\"3041\"><li data-start=\"2727\" data-end=\"2809\"><strong data-start=\"2729\" data-end=\"2746\">Right of access<\/strong> Obtain a copy of your personal data<\/li><li data-start=\"2810\" data-end=\"2873\"><strong data-start=\"2812\" data-end=\"2838\">Right of rectification<\/strong> correct inaccurate data<\/li><li data-start=\"2874\" data-end=\"2943\"><strong data-start=\"2876\" data-end=\"2900\">Right to erasure<\/strong> request the deletion of your data<\/li><li data-start=\"2944\" data-end=\"3041\"><strong data-start=\"2946\" data-end=\"2968\">Right to object<\/strong> oppose the use of your data for certain purposes<\/li><\/ul><p data-start=\"3043\" data-end=\"3146\">You can exercise these rights by contacting us at : <a rel=\"noopener\" data-start=\"3107\" data-end=\"3144\">info@josuha-guilavogui-foundation.com<\/a><\/p><p data-start=\"3148\" data-end=\"3291\"><strong data-start=\"3148\" data-end=\"3172\">Data security<\/strong><br data-start=\"3172\" data-end=\"3175\" \/>We take all necessary measures to ensure the security of personal data collected.<\/p><p data-start=\"3293\" data-end=\"3459\"><strong data-start=\"3293\" data-end=\"3304\">Cookies<\/strong><br data-start=\"3304\" data-end=\"3307\" \/>This site uses cookies to improve the user experience. You can configure your browser to refuse these cookies at any time.<\/p><p data-start=\"3461\" data-end=\"3630\"><strong data-start=\"3461\" data-end=\"3512\">Changes to the privacy policy<\/strong><br data-start=\"3512\" data-end=\"3515\" \/>This policy may be updated at any time. The latest version will always be available on this page.<\/p>\t\t\t\t\t\t\t\t<\/div>\n\t\t\t\t<\/div>\n\t\t\t\t\t<\/div>\n\t\t\t\t<\/div>\n\t\t\t\t<\/div>","protected":false},"excerpt":{"rendered":"<p>Collecte des donn\u00e9es personnellesLes donn\u00e9es personnelles collect\u00e9es sur le site https:\/\/josuha-guilavogui-foundation.com\/ sont uniquement destin\u00e9es \u00e0 r\u00e9pondre aux demandes des utilisateurs et \u00e0 am\u00e9liorer l\u2019exp\u00e9rience sur le site. Les informations collect\u00e9es peuvent inclure : Nom et pr\u00e9nom Adresse e-mail Toute autre information transmise via le formulaire de contact Finalit\u00e9 du traitement des donn\u00e9esLes donn\u00e9es sont collect\u00e9es [&hellip;]<\/p>\n","protected":false},"author":1,"featured_media":0,"parent":0,"menu_order":0,"comment_status":"closed","ping_status":"closed","template":"elementor_header_footer","meta":{"_surecart_dashboard_logo_width":"180px","_surecart_dashboard_show_logo":true,"_surecart_dashboard_navigation_orders":true,"_surecart_dashboard_navigation_invoices":true,"_surecart_dashboard_navigation_subscriptions":true,"_surecart_dashboard_navigation_downloads":true,"_surecart_dashboard_navigation_billing":true,"_surecart_dashboard_navigation_account":true,"footnotes":""},"class_list":["post-28","page","type-page","status-publish","hentry"],"yoast_head":"<!-- This site is optimized with the Yoast SEO plugin v27.5 - https:\/\/yoast.com\/product\/yoast-seo-wordpress\/ -->\n<title>Politique de confidentialit\u00e9 - Josuha Guilavogui Foundation<\/title>\n<meta name=\"robots\" content=\"index, follow, max-snippet:-1, max-image-preview:large, max-video-preview:-1\" \/>\n<link rel=\"canonical\" href=\"https:\/\/josuha-guilavogui-foundation.com\/en\/privacy-policy\/\" \/>\n<meta property=\"og:locale\" content=\"en_GB\" \/>\n<meta property=\"og:type\" content=\"article\" \/>\n<meta property=\"og:title\" content=\"Politique de confidentialit\u00e9 - Josuha Guilavogui Foundation\" \/>\n<meta property=\"og:description\" content=\"Collecte des donn\u00e9es personnellesLes donn\u00e9es personnelles collect\u00e9es sur le site https:\/\/josuha-guilavogui-foundation.com\/ sont uniquement destin\u00e9es \u00e0 r\u00e9pondre aux demandes des utilisateurs et \u00e0 am\u00e9liorer l\u2019exp\u00e9rience sur le site. Les informations collect\u00e9es peuvent inclure : Nom et pr\u00e9nom Adresse e-mail Toute autre information transmise via le formulaire de contact Finalit\u00e9 du traitement des donn\u00e9esLes donn\u00e9es sont collect\u00e9es [&hellip;]\" \/>\n<meta property=\"og:url\" content=\"https:\/\/josuha-guilavogui-foundation.com\/en\/privacy-policy\/\" \/>\n<meta property=\"og:site_name\" content=\"Josuha Guilavogui Foundation\" \/>\n<meta property=\"article:modified_time\" content=\"2025-02-27T12:39:42+00:00\" \/>\n<meta name=\"twitter:card\" content=\"summary_large_image\" \/>\n<meta name=\"twitter:label1\" content=\"Estimated reading time\" \/>\n\t<meta name=\"twitter:data1\" content=\"2 minutes\" \/>\n<script type=\"application\/ld+json\" class=\"yoast-schema-graph\">{\"@context\":\"https:\\\/\\\/schema.org\",\"@graph\":[{\"@type\":\"WebPage\",\"@id\":\"https:\\\/\\\/josuha-guilavogui-foundation.com\\\/politique-de-confidentialite\\\/\",\"url\":\"https:\\\/\\\/josuha-guilavogui-foundation.com\\\/politique-de-confidentialite\\\/\",\"name\":\"Politique de confidentialit\u00e9 - Josuha Guilavogui Foundation\",\"isPartOf\":{\"@id\":\"https:\\\/\\\/josuha-guilavogui-foundation.com\\\/#website\"},\"datePublished\":\"2025-01-04T23:05:27+00:00\",\"dateModified\":\"2025-02-27T12:39:42+00:00\",\"breadcrumb\":{\"@id\":\"https:\\\/\\\/josuha-guilavogui-foundation.com\\\/politique-de-confidentialite\\\/#breadcrumb\"},\"inLanguage\":\"en-GB\",\"potentialAction\":[{\"@type\":\"ReadAction\",\"target\":[\"https:\\\/\\\/josuha-guilavogui-foundation.com\\\/politique-de-confidentialite\\\/\"]}]},{\"@type\":\"BreadcrumbList\",\"@id\":\"https:\\\/\\\/josuha-guilavogui-foundation.com\\\/politique-de-confidentialite\\\/#breadcrumb\",\"itemListElement\":[{\"@type\":\"ListItem\",\"position\":1,\"name\":\"Accueil\",\"item\":\"https:\\\/\\\/josuha-guilavogui-foundation.com\\\/\"},{\"@type\":\"ListItem\",\"position\":2,\"name\":\"Politique de confidentialit\u00e9\"}]},{\"@type\":\"WebSite\",\"@id\":\"https:\\\/\\\/josuha-guilavogui-foundation.com\\\/#website\",\"url\":\"https:\\\/\\\/josuha-guilavogui-foundation.com\\\/\",\"name\":\"Josuha Guilavogui Foundation\",\"description\":\"\",\"potentialAction\":[{\"@type\":\"SearchAction\",\"target\":{\"@type\":\"EntryPoint\",\"urlTemplate\":\"https:\\\/\\\/josuha-guilavogui-foundation.com\\\/?s={search_term_string}\"},\"query-input\":{\"@type\":\"PropertyValueSpecification\",\"valueRequired\":true,\"valueName\":\"search_term_string\"}}],\"inLanguage\":\"en-GB\"}]}<\/script>\n<!-- \/ Yoast SEO plugin. -->","yoast_head_json":{"title":"Privacy policy - Josuha Guilavogui Foundation","robots":{"index":"index","follow":"follow","max-snippet":"max-snippet:-1","max-image-preview":"max-image-preview:large","max-video-preview":"max-video-preview:-1"},"canonical":"https:\/\/josuha-guilavogui-foundation.com\/en\/privacy-policy\/","og_locale":"en_GB","og_type":"article","og_title":"Politique de confidentialit\u00e9 - Josuha Guilavogui Foundation","og_description":"Collecte des donn\u00e9es personnellesLes donn\u00e9es personnelles collect\u00e9es sur le site https:\/\/josuha-guilavogui-foundation.com\/ sont uniquement destin\u00e9es \u00e0 r\u00e9pondre aux demandes des utilisateurs et \u00e0 am\u00e9liorer l\u2019exp\u00e9rience sur le site. Les informations collect\u00e9es peuvent inclure : Nom et pr\u00e9nom Adresse e-mail Toute autre information transmise via le formulaire de contact Finalit\u00e9 du traitement des donn\u00e9esLes donn\u00e9es sont collect\u00e9es [&hellip;]","og_url":"https:\/\/josuha-guilavogui-foundation.com\/en\/privacy-policy\/","og_site_name":"Josuha Guilavogui Foundation","article_modified_time":"2025-02-27T12:39:42+00:00","twitter_card":"summary_large_image","twitter_misc":{"Estimated reading time":"2 minutes"},"schema":{"@context":"https:\/\/schema.org","@graph":[{"@type":"WebPage","@id":"https:\/\/josuha-guilavogui-foundation.com\/politique-de-confidentialite\/","url":"https:\/\/josuha-guilavogui-foundation.com\/politique-de-confidentialite\/","name":"Privacy policy - Josuha Guilavogui Foundation","isPartOf":{"@id":"https:\/\/josuha-guilavogui-foundation.com\/#website"},"datePublished":"2025-01-04T23:05:27+00:00","dateModified":"2025-02-27T12:39:42+00:00","breadcrumb":{"@id":"https:\/\/josuha-guilavogui-foundation.com\/politique-de-confidentialite\/#breadcrumb"},"inLanguage":"en-GB","potentialAction":[{"@type":"ReadAction","target":["https:\/\/josuha-guilavogui-foundation.com\/politique-de-confidentialite\/"]}]},{"@type":"BreadcrumbList","@id":"https:\/\/josuha-guilavogui-foundation.com\/politique-de-confidentialite\/#breadcrumb","itemListElement":[{"@type":"ListItem","position":1,"name":"Accueil","item":"https:\/\/josuha-guilavogui-foundation.com\/"},{"@type":"ListItem","position":2,"name":"Politique de confidentialit\u00e9"}]},{"@type":"WebSite","@id":"https:\/\/josuha-guilavogui-foundation.com\/#website","url":"https:\/\/josuha-guilavogui-foundation.com\/","name":"Josuha Guilavogui Foundation","description":"","potentialAction":[{"@type":"SearchAction","target":{"@type":"EntryPoint","urlTemplate":"https:\/\/josuha-guilavogui-foundation.com\/?s={search_term_string}"},"query-input":{"@type":"PropertyValueSpecification","valueRequired":true,"valueName":"search_term_string"}}],"inLanguage":"en-GB"}]}},"_links":{"self":[{"href":"https:\/\/josuha-guilavogui-foundation.com\/en\/wp-json\/wp\/v2\/pages\/28","targetHints":{"allow":["GET"]}}],"collection":[{"href":"https:\/\/josuha-guilavogui-foundation.com\/en\/wp-json\/wp\/v2\/pages"}],"about":[{"href":"https:\/\/josuha-guilavogui-foundation.com\/en\/wp-json\/wp\/v2\/types\/page"}],"author":[{"embeddable":true,"href":"https:\/\/josuha-guilavogui-foundation.com\/en\/wp-json\/wp\/v2\/users\/1"}],"replies":[{"embeddable":true,"href":"https:\/\/josuha-guilavogui-foundation.com\/en\/wp-json\/wp\/v2\/comments?post=28"}],"version-history":[{"count":25,"href":"https:\/\/josuha-guilavogui-foundation.com\/en\/wp-json\/wp\/v2\/pages\/28\/revisions"}],"predecessor-version":[{"id":1626,"href":"https:\/\/josuha-guilavogui-foundation.com\/en\/wp-json\/wp\/v2\/pages\/28\/revisions\/1626"}],"wp:attachment":[{"href":"https:\/\/josuha-guilavogui-foundation.com\/en\/wp-json\/wp\/v2\/media?parent=28"}],"curies":[{"name":"wp","href":"https:\/\/api.w.org\/{rel}","templated":true}]}}