{"id":27,"date":"2025-01-05T00:05:05","date_gmt":"2025-01-04T23:05:05","guid":{"rendered":"https:\/\/josuha-guilavogui-foundation.com\/?page_id=27"},"modified":"2025-05-24T11:56:27","modified_gmt":"2025-05-24T09:56:27","slug":"a-propos","status":"publish","type":"page","link":"https:\/\/josuha-guilavogui-foundation.com\/en\/a-propos\/","title":{"rendered":"About us"},"content":{"rendered":"<div data-elementor-type=\"wp-page\" data-elementor-id=\"27\" class=\"elementor elementor-27\" data-elementor-post-type=\"page\">\n\t\t\t\t<div data-particle_enable=\"false\" data-particle-mobile-disabled=\"false\" class=\"elementor-element elementor-element-378e853 e-flex e-con-boxed e-con e-parent\" data-id=\"378e853\" data-element_type=\"container\" data-e-type=\"container\" data-settings=\"{&quot;background_background&quot;:&quot;classic&quot;,&quot;jet_parallax_layout_list&quot;:[]}\">\n\t\t\t\t\t<div class=\"e-con-inner\">\n\t\t\t\t<div class=\"elementor-element elementor-element-2eb01eb elementor-widget elementor-widget-heading\" data-id=\"2eb01eb\" data-element_type=\"widget\" data-e-type=\"widget\" data-widget_type=\"heading.default\">\n\t\t\t\t<div class=\"elementor-widget-container\">\n\t\t\t\t\t<h1 class=\"elementor-heading-title elementor-size-default\">About us<\/h1>\t\t\t\t<\/div>\n\t\t\t\t<\/div>\n\t\t\t\t<div class=\"elementor-element elementor-element-d3d6db9 elementor-align-center elementor-widget elementor-widget-breadcrumbs\" data-id=\"d3d6db9\" data-element_type=\"widget\" data-e-type=\"widget\" data-widget_type=\"breadcrumbs.default\">\n\t\t\t\t<div class=\"elementor-widget-container\">\n\t\t\t\t\t<p id=\"breadcrumbs\"><span><span><a href=\"https:\/\/josuha-guilavogui-foundation.com\/en\">Home<\/a><\/span><\/span><\/p>\t\t\t\t<\/div>\n\t\t\t\t<\/div>\n\t\t\t\t\t<\/div>\n\t\t\t\t<\/div>\n\t\t<div data-particle_enable=\"false\" data-particle-mobile-disabled=\"false\" class=\"elementor-element elementor-element-3267a63 e-flex e-con-boxed e-con e-parent\" data-id=\"3267a63\" data-element_type=\"container\" data-e-type=\"container\" data-settings=\"{&quot;jet_parallax_layout_list&quot;:[]}\">\n\t\t\t\t\t<div class=\"e-con-inner\">\n\t\t<div data-particle_enable=\"false\" data-particle-mobile-disabled=\"false\" class=\"elementor-element elementor-element-32ab312 e-con-full e-flex elementor-invisible e-con e-child\" data-id=\"32ab312\" data-element_type=\"container\" data-e-type=\"container\" data-settings=\"{&quot;jet_parallax_layout_list&quot;:[],&quot;animation&quot;:&quot;fadeInLeft&quot;}\">\n\t\t\t\t<div class=\"elementor-element elementor-element-62da745 elementor-widget elementor-widget-heading\" data-id=\"62da745\" data-element_type=\"widget\" data-e-type=\"widget\" data-widget_type=\"heading.default\">\n\t\t\t\t<div class=\"elementor-widget-container\">\n\t\t\t\t\t<h2 class=\"elementor-heading-title elementor-size-default\">About the Josuha Guilavogui Foundation\n<\/h2>\t\t\t\t<\/div>\n\t\t\t\t<\/div>\n\t\t\t\t<div class=\"elementor-element elementor-element-7354cae elementor-widget elementor-widget-text-editor\" data-id=\"7354cae\" data-element_type=\"widget\" data-e-type=\"widget\" data-widget_type=\"text-editor.default\">\n\t\t\t\t<div class=\"elementor-widget-container\">\n\t\t\t\t\t\t\t\t\t<p data-start=\"220\" data-end=\"751\">Created in 2019 in Conakry, Guinea, the <strong data-start=\"259\" data-end=\"290\">Josuha Guilavogui Foundation<\/strong> s mission is to support an orphanage that is currently home to 23 children. Josuha Guilavogui and <strong data-start=\"392\" data-end=\"399\">sound<\/strong> The team ensures that these orphans grow up in a safe and caring environment, giving them the foundations they need for a bright future. In 2021, the <strong data-start=\"577\" data-end=\"611\">German support foundation<\/strong> was officially launched, marking an essential step in guaranteeing the continuity and development of this long-term commitment.<\/p>\t\t\t\t\t\t\t\t<\/div>\n\t\t\t\t<\/div>\n\t\t\t\t<\/div>\n\t\t<div data-particle_enable=\"false\" data-particle-mobile-disabled=\"false\" class=\"elementor-element elementor-element-244ce8c e-con-full e-flex elementor-invisible e-con e-child\" data-id=\"244ce8c\" data-element_type=\"container\" data-e-type=\"container\" data-settings=\"{&quot;jet_parallax_layout_list&quot;:[],&quot;animation&quot;:&quot;fadeInRight&quot;}\">\n\t\t\t\t<div class=\"elementor-element elementor-element-1964909 elementor-widget elementor-widget-image\" data-id=\"1964909\" data-element_type=\"widget\" data-e-type=\"widget\" data-widget_type=\"image.default\">\n\t\t\t\t<div class=\"elementor-widget-container\">\n\t\t\t\t\t\t\t\t\t\t\t\t\t\t\t<img fetchpriority=\"high\" decoding=\"async\" width=\"800\" height=\"800\" src=\"https:\/\/josuha-guilavogui-foundation.com\/wp-content\/uploads\/2025\/01\/Design-sans-titre-1-1024x1024.png\" class=\"attachment-large size-large wp-image-1095\" alt=\"\" srcset=\"https:\/\/josuha-guilavogui-foundation.com\/wp-content\/uploads\/2025\/01\/Design-sans-titre-1-1024x1024.png 1024w, https:\/\/josuha-guilavogui-foundation.com\/wp-content\/uploads\/2025\/01\/Design-sans-titre-1-300x300.png 300w, https:\/\/josuha-guilavogui-foundation.com\/wp-content\/uploads\/2025\/01\/Design-sans-titre-1-150x150.png 150w, https:\/\/josuha-guilavogui-foundation.com\/wp-content\/uploads\/2025\/01\/Design-sans-titre-1-768x768.png 768w, https:\/\/josuha-guilavogui-foundation.com\/wp-content\/uploads\/2025\/01\/Design-sans-titre-1.png 1125w\" sizes=\"(max-width: 800px) 100vw, 800px\" \/>\t\t\t\t\t\t\t\t\t\t\t\t\t\t\t<\/div>\n\t\t\t\t<\/div>\n\t\t\t\t<\/div>\n\t\t\t\t\t<\/div>\n\t\t\t\t<\/div>\n\t\t<div data-particle_enable=\"false\" data-particle-mobile-disabled=\"false\" class=\"elementor-element elementor-element-7ba07c3 e-flex e-con-boxed e-con e-parent\" data-id=\"7ba07c3\" data-element_type=\"container\" data-e-type=\"container\" data-settings=\"{&quot;background_background&quot;:&quot;classic&quot;,&quot;jet_parallax_layout_list&quot;:[]}\">\n\t\t\t\t\t<div class=\"e-con-inner\">\n\t\t<div data-particle_enable=\"false\" data-particle-mobile-disabled=\"false\" class=\"elementor-element elementor-element-38e48a3 e-con-full e-flex elementor-invisible e-con e-child\" data-id=\"38e48a3\" data-element_type=\"container\" data-e-type=\"container\" data-settings=\"{&quot;jet_parallax_layout_list&quot;:[],&quot;animation&quot;:&quot;fadeInRight&quot;}\">\n\t\t\t\t<div class=\"elementor-element elementor-element-e7bf374 elementor-widget elementor-widget-heading\" data-id=\"e7bf374\" data-element_type=\"widget\" data-e-type=\"widget\" data-widget_type=\"heading.default\">\n\t\t\t\t<div class=\"elementor-widget-container\">\n\t\t\t\t\t<h2 class=\"elementor-heading-title elementor-size-default\">Structure and partnerships\n<\/h2>\t\t\t\t<\/div>\n\t\t\t\t<\/div>\n\t\t\t\t<div class=\"elementor-element elementor-element-05cb91b elementor-widget elementor-widget-text-editor\" data-id=\"05cb91b\" data-element_type=\"widget\" data-e-type=\"widget\" data-widget_type=\"text-editor.default\">\n\t\t\t\t<div class=\"elementor-widget-container\">\n\t\t\t\t\t\t\t\t\t<p data-start=\"789\" data-end=\"1160\">La <strong data-start=\"792\" data-end=\"823\">Josuha Guilavogui Foundation<\/strong> operates under the aegis of the <strong data-start=\"854\" data-end=\"886\">Deutsche StiftungsTrust GmbH<\/strong>a subsidiary of Deutsche Bank AG, which administers approximately <strong data-start=\"943\" data-end=\"961\">550 foundations<\/strong>. Thanks to its expertise, Deutsche StiftungsTrust GmbH guarantees the security of the funds, supervises their proper management, and ensures that the <strong data-start=\"1099\" data-end=\"1122\">German foundation<\/strong> does not carry out any commercial activities.<\/p><p data-start=\"1162\" data-end=\"1441\">In addition, the<strong data-start=\"1179\" data-end=\"1214\">International Giving Foundation<\/strong> supports the foundation by supervising the use of donations to ensure that they meet the objectives set. This partnership guarantees donors that their generosity will directly benefit the children at the orphanage.<\/p>\t\t\t\t\t\t\t\t<\/div>\n\t\t\t\t<\/div>\n\t\t\t\t<\/div>\n\t\t<div data-particle_enable=\"false\" data-particle-mobile-disabled=\"false\" class=\"elementor-element elementor-element-a78bdb3 e-con-full e-flex elementor-invisible e-con e-child\" data-id=\"a78bdb3\" data-element_type=\"container\" data-e-type=\"container\" data-settings=\"{&quot;jet_parallax_layout_list&quot;:[],&quot;animation&quot;:&quot;fadeInLeft&quot;}\">\n\t\t\t\t<div class=\"elementor-element elementor-element-b34a945 elementor-widget elementor-widget-image\" data-id=\"b34a945\" data-element_type=\"widget\" data-e-type=\"widget\" data-widget_type=\"image.default\">\n\t\t\t\t<div class=\"elementor-widget-container\">\n\t\t\t\t\t\t\t\t\t\t\t\t\t\t\t<img decoding=\"async\" width=\"800\" height=\"800\" src=\"https:\/\/josuha-guilavogui-foundation.com\/wp-content\/uploads\/2025\/01\/Design-sans-titre-1024x1024.png\" class=\"attachment-large size-large wp-image-1088\" alt=\"\" srcset=\"https:\/\/josuha-guilavogui-foundation.com\/wp-content\/uploads\/2025\/01\/Design-sans-titre-1024x1024.png 1024w, https:\/\/josuha-guilavogui-foundation.com\/wp-content\/uploads\/2025\/01\/Design-sans-titre-300x300.png 300w, https:\/\/josuha-guilavogui-foundation.com\/wp-content\/uploads\/2025\/01\/Design-sans-titre-150x150.png 150w, https:\/\/josuha-guilavogui-foundation.com\/wp-content\/uploads\/2025\/01\/Design-sans-titre-768x768.png 768w, https:\/\/josuha-guilavogui-foundation.com\/wp-content\/uploads\/2025\/01\/Design-sans-titre.png 1125w\" sizes=\"(max-width: 800px) 100vw, 800px\" \/>\t\t\t\t\t\t\t\t\t\t\t\t\t\t\t<\/div>\n\t\t\t\t<\/div>\n\t\t\t\t<\/div>\n\t\t\t\t\t<\/div>\n\t\t\t\t<\/div>\n\t\t<div data-particle_enable=\"false\" data-particle-mobile-disabled=\"false\" class=\"elementor-element elementor-element-1451147 e-flex e-con-boxed e-con e-parent\" data-id=\"1451147\" data-element_type=\"container\" data-e-type=\"container\" data-settings=\"{&quot;jet_parallax_layout_list&quot;:[]}\">\n\t\t\t\t\t<div class=\"e-con-inner\">\n\t\t<div data-particle_enable=\"false\" data-particle-mobile-disabled=\"false\" class=\"elementor-element elementor-element-4b5faf8 e-con-full e-flex elementor-invisible e-con e-child\" data-id=\"4b5faf8\" data-element_type=\"container\" data-e-type=\"container\" data-settings=\"{&quot;jet_parallax_layout_list&quot;:[],&quot;animation&quot;:&quot;fadeInLeft&quot;}\">\n\t\t\t\t<div class=\"elementor-element elementor-element-1d71908 elementor-widget elementor-widget-heading\" data-id=\"1d71908\" data-element_type=\"widget\" data-e-type=\"widget\" data-widget_type=\"heading.default\">\n\t\t\t\t<div class=\"elementor-widget-container\">\n\t\t\t\t\t<h2 class=\"elementor-heading-title elementor-size-default\">Josuha Guilavogui's career path<\/h2>\t\t\t\t<\/div>\n\t\t\t\t<\/div>\n\t\t\t\t<div class=\"elementor-element elementor-element-1726d28 elementor-widget elementor-widget-text-editor\" data-id=\"1726d28\" data-element_type=\"widget\" data-e-type=\"widget\" data-widget_type=\"text-editor.default\">\n\t\t\t\t<div class=\"elementor-widget-container\">\n\t\t\t\t\t\t\t\t\t<p data-start=\"1486\" data-end=\"1963\"><strong data-start=\"1486\" data-end=\"1507\">Josuha Guilavogui<\/strong> is a professional footballer who has played for prestigious clubs such as AS Saint-\u00c9tienne (France), Atl\u00e9tico Madrid (Spain), VfL Wolfsburg and 1. FSV Mainz 05 (Germany). Originally from Guinea, he has always remained deeply attached to his native country. This orphanage project goes far beyond mere financial support: Josuha is personally committed to giving these children a real home filled with love and security.<\/p><p data-start=\"1965\" data-end=\"2333\">As soon as his schedule permits, he travels to Conakry to ensure that the funds are being properly managed and that the orphanage is running smoothly, and above all to spend time with the children he affectionately calls \"his prot\u00e9g\u00e9s\". This commitment is a real priority for him, and he does everything he can to improve their daily lives and their future.<\/p>\t\t\t\t\t\t\t\t<\/div>\n\t\t\t\t<\/div>\n\t\t\t\t<\/div>\n\t\t<div data-particle_enable=\"false\" data-particle-mobile-disabled=\"false\" class=\"elementor-element elementor-element-9ec4952 e-con-full e-flex elementor-invisible e-con e-child\" data-id=\"9ec4952\" data-element_type=\"container\" data-e-type=\"container\" data-settings=\"{&quot;jet_parallax_layout_list&quot;:[],&quot;animation&quot;:&quot;fadeInRight&quot;}\">\n\t\t\t\t<div class=\"elementor-element elementor-element-9d545a2 elementor-widget elementor-widget-image\" data-id=\"9d545a2\" data-element_type=\"widget\" data-e-type=\"widget\" data-widget_type=\"image.default\">\n\t\t\t\t<div class=\"elementor-widget-container\">\n\t\t\t\t\t\t\t\t\t\t\t\t\t\t\t<img decoding=\"async\" width=\"800\" height=\"800\" src=\"https:\/\/josuha-guilavogui-foundation.com\/wp-content\/uploads\/2025\/01\/Design-sans-titre-3.png\" class=\"attachment-large size-large wp-image-1199\" alt=\"\" srcset=\"https:\/\/josuha-guilavogui-foundation.com\/wp-content\/uploads\/2025\/01\/Design-sans-titre-3.png 875w, https:\/\/josuha-guilavogui-foundation.com\/wp-content\/uploads\/2025\/01\/Design-sans-titre-3-300x300.png 300w, https:\/\/josuha-guilavogui-foundation.com\/wp-content\/uploads\/2025\/01\/Design-sans-titre-3-150x150.png 150w, https:\/\/josuha-guilavogui-foundation.com\/wp-content\/uploads\/2025\/01\/Design-sans-titre-3-768x768.png 768w\" sizes=\"(max-width: 800px) 100vw, 800px\" \/>\t\t\t\t\t\t\t\t\t\t\t\t\t\t\t<\/div>\n\t\t\t\t<\/div>\n\t\t\t\t<\/div>\n\t\t\t\t\t<\/div>\n\t\t\t\t<\/div>\n\t\t\t\t<\/div>","protected":false},"excerpt":{"rendered":"<p>\u00c0 propos de la Fondation Josuha Guilavogui Cr\u00e9\u00e9e en 2019 \u00e0 Conakry, en Guin\u00e9e, la Fondation Josuha Guilavogui a pour mission de soutenir un orphelinat qui accueille actuellement 23 enfants. Josuha Guilavogui et son \u00e9quipe veillent \u00e0 ce que ces orphelins grandissent dans un environnement s\u00fbr et bienveillant, en leur offrant les bases n\u00e9cessaires pour [&hellip;]<\/p>\n","protected":false},"author":1,"featured_media":0,"parent":0,"menu_order":0,"comment_status":"closed","ping_status":"closed","template":"elementor_header_footer","meta":{"_surecart_dashboard_logo_width":"180px","_surecart_dashboard_show_logo":true,"_surecart_dashboard_navigation_orders":true,"_surecart_dashboard_navigation_invoices":true,"_surecart_dashboard_navigation_subscriptions":true,"_surecart_dashboard_navigation_downloads":true,"_surecart_dashboard_navigation_billing":true,"_surecart_dashboard_navigation_account":true,"footnotes":""},"class_list":["post-27","page","type-page","status-publish","hentry"],"yoast_head":"<!-- This site is optimized with the Yoast SEO plugin v27.5 - https:\/\/yoast.com\/product\/yoast-seo-wordpress\/ -->\n<title>\u00c0 propos - Josuha Guilavogui Foundation<\/title>\n<meta name=\"robots\" content=\"index, follow, max-snippet:-1, max-image-preview:large, max-video-preview:-1\" \/>\n<link rel=\"canonical\" href=\"https:\/\/josuha-guilavogui-foundation.com\/en\/a-propos\/\" \/>\n<meta property=\"og:locale\" content=\"en_GB\" \/>\n<meta property=\"og:type\" content=\"article\" \/>\n<meta property=\"og:title\" content=\"\u00c0 propos - Josuha Guilavogui Foundation\" \/>\n<meta property=\"og:description\" content=\"\u00c0 propos de la Fondation Josuha Guilavogui Cr\u00e9\u00e9e en 2019 \u00e0 Conakry, en Guin\u00e9e, la Fondation Josuha Guilavogui a pour mission de soutenir un orphelinat qui accueille actuellement 23 enfants. Josuha Guilavogui et son \u00e9quipe veillent \u00e0 ce que ces orphelins grandissent dans un environnement s\u00fbr et bienveillant, en leur offrant les bases n\u00e9cessaires pour [&hellip;]\" \/>\n<meta property=\"og:url\" content=\"https:\/\/josuha-guilavogui-foundation.com\/en\/a-propos\/\" \/>\n<meta property=\"og:site_name\" content=\"Josuha Guilavogui Foundation\" \/>\n<meta property=\"article:modified_time\" content=\"2025-05-24T09:56:27+00:00\" \/>\n<meta property=\"og:image\" content=\"https:\/\/josuha-guilavogui-foundation.com\/wp-content\/uploads\/2025\/01\/Design-sans-titre-1-1024x1024.png\" \/>\n\t<meta property=\"og:image:width\" content=\"1024\" \/>\n\t<meta property=\"og:image:height\" content=\"1024\" \/>\n\t<meta property=\"og:image:type\" content=\"image\/png\" \/>\n<meta name=\"twitter:card\" content=\"summary_large_image\" \/>\n<meta name=\"twitter:label1\" content=\"Estimated reading time\" \/>\n\t<meta name=\"twitter:data1\" content=\"3 minutes\" \/>\n<script type=\"application\/ld+json\" class=\"yoast-schema-graph\">{\"@context\":\"https:\\\/\\\/schema.org\",\"@graph\":[{\"@type\":\"WebPage\",\"@id\":\"https:\\\/\\\/josuha-guilavogui-foundation.com\\\/a-propos\\\/\",\"url\":\"https:\\\/\\\/josuha-guilavogui-foundation.com\\\/a-propos\\\/\",\"name\":\"\u00c0 propos - Josuha Guilavogui Foundation\",\"isPartOf\":{\"@id\":\"https:\\\/\\\/josuha-guilavogui-foundation.com\\\/#website\"},\"primaryImageOfPage\":{\"@id\":\"https:\\\/\\\/josuha-guilavogui-foundation.com\\\/a-propos\\\/#primaryimage\"},\"image\":{\"@id\":\"https:\\\/\\\/josuha-guilavogui-foundation.com\\\/a-propos\\\/#primaryimage\"},\"thumbnailUrl\":\"https:\\\/\\\/josuha-guilavogui-foundation.com\\\/wp-content\\\/uploads\\\/2025\\\/01\\\/Design-sans-titre-1-1024x1024.png\",\"datePublished\":\"2025-01-04T23:05:05+00:00\",\"dateModified\":\"2025-05-24T09:56:27+00:00\",\"breadcrumb\":{\"@id\":\"https:\\\/\\\/josuha-guilavogui-foundation.com\\\/a-propos\\\/#breadcrumb\"},\"inLanguage\":\"en-GB\",\"potentialAction\":[{\"@type\":\"ReadAction\",\"target\":[\"https:\\\/\\\/josuha-guilavogui-foundation.com\\\/a-propos\\\/\"]}]},{\"@type\":\"ImageObject\",\"inLanguage\":\"en-GB\",\"@id\":\"https:\\\/\\\/josuha-guilavogui-foundation.com\\\/a-propos\\\/#primaryimage\",\"url\":\"https:\\\/\\\/josuha-guilavogui-foundation.com\\\/wp-content\\\/uploads\\\/2025\\\/01\\\/Design-sans-titre-1-1024x1024.png\",\"contentUrl\":\"https:\\\/\\\/josuha-guilavogui-foundation.com\\\/wp-content\\\/uploads\\\/2025\\\/01\\\/Design-sans-titre-1-1024x1024.png\"},{\"@type\":\"BreadcrumbList\",\"@id\":\"https:\\\/\\\/josuha-guilavogui-foundation.com\\\/a-propos\\\/#breadcrumb\",\"itemListElement\":[{\"@type\":\"ListItem\",\"position\":1,\"name\":\"Accueil\",\"item\":\"https:\\\/\\\/josuha-guilavogui-foundation.com\\\/\"},{\"@type\":\"ListItem\",\"position\":2,\"name\":\"\u00c0 propos\"}]},{\"@type\":\"WebSite\",\"@id\":\"https:\\\/\\\/josuha-guilavogui-foundation.com\\\/#website\",\"url\":\"https:\\\/\\\/josuha-guilavogui-foundation.com\\\/\",\"name\":\"Josuha Guilavogui Foundation\",\"description\":\"\",\"potentialAction\":[{\"@type\":\"SearchAction\",\"target\":{\"@type\":\"EntryPoint\",\"urlTemplate\":\"https:\\\/\\\/josuha-guilavogui-foundation.com\\\/?s={search_term_string}\"},\"query-input\":{\"@type\":\"PropertyValueSpecification\",\"valueRequired\":true,\"valueName\":\"search_term_string\"}}],\"inLanguage\":\"en-GB\"}]}<\/script>\n<!-- \/ Yoast SEO plugin. -->","yoast_head_json":{"title":"About - Josuha Guilavogui Foundation","robots":{"index":"index","follow":"follow","max-snippet":"max-snippet:-1","max-image-preview":"max-image-preview:large","max-video-preview":"max-video-preview:-1"},"canonical":"https:\/\/josuha-guilavogui-foundation.com\/en\/a-propos\/","og_locale":"en_GB","og_type":"article","og_title":"\u00c0 propos - Josuha Guilavogui Foundation","og_description":"\u00c0 propos de la Fondation Josuha Guilavogui Cr\u00e9\u00e9e en 2019 \u00e0 Conakry, en Guin\u00e9e, la Fondation Josuha Guilavogui a pour mission de soutenir un orphelinat qui accueille actuellement 23 enfants. Josuha Guilavogui et son \u00e9quipe veillent \u00e0 ce que ces orphelins grandissent dans un environnement s\u00fbr et bienveillant, en leur offrant les bases n\u00e9cessaires pour [&hellip;]","og_url":"https:\/\/josuha-guilavogui-foundation.com\/en\/a-propos\/","og_site_name":"Josuha Guilavogui Foundation","article_modified_time":"2025-05-24T09:56:27+00:00","og_image":[{"width":1024,"height":1024,"url":"https:\/\/josuha-guilavogui-foundation.com\/wp-content\/uploads\/2025\/01\/Design-sans-titre-1-1024x1024.png","type":"image\/png"}],"twitter_card":"summary_large_image","twitter_misc":{"Estimated reading time":"3 minutes"},"schema":{"@context":"https:\/\/schema.org","@graph":[{"@type":"WebPage","@id":"https:\/\/josuha-guilavogui-foundation.com\/a-propos\/","url":"https:\/\/josuha-guilavogui-foundation.com\/a-propos\/","name":"About - Josuha Guilavogui Foundation","isPartOf":{"@id":"https:\/\/josuha-guilavogui-foundation.com\/#website"},"primaryImageOfPage":{"@id":"https:\/\/josuha-guilavogui-foundation.com\/a-propos\/#primaryimage"},"image":{"@id":"https:\/\/josuha-guilavogui-foundation.com\/a-propos\/#primaryimage"},"thumbnailUrl":"https:\/\/josuha-guilavogui-foundation.com\/wp-content\/uploads\/2025\/01\/Design-sans-titre-1-1024x1024.png","datePublished":"2025-01-04T23:05:05+00:00","dateModified":"2025-05-24T09:56:27+00:00","breadcrumb":{"@id":"https:\/\/josuha-guilavogui-foundation.com\/a-propos\/#breadcrumb"},"inLanguage":"en-GB","potentialAction":[{"@type":"ReadAction","target":["https:\/\/josuha-guilavogui-foundation.com\/a-propos\/"]}]},{"@type":"ImageObject","inLanguage":"en-GB","@id":"https:\/\/josuha-guilavogui-foundation.com\/a-propos\/#primaryimage","url":"https:\/\/josuha-guilavogui-foundation.com\/wp-content\/uploads\/2025\/01\/Design-sans-titre-1-1024x1024.png","contentUrl":"https:\/\/josuha-guilavogui-foundation.com\/wp-content\/uploads\/2025\/01\/Design-sans-titre-1-1024x1024.png"},{"@type":"BreadcrumbList","@id":"https:\/\/josuha-guilavogui-foundation.com\/a-propos\/#breadcrumb","itemListElement":[{"@type":"ListItem","position":1,"name":"Accueil","item":"https:\/\/josuha-guilavogui-foundation.com\/"},{"@type":"ListItem","position":2,"name":"\u00c0 propos"}]},{"@type":"WebSite","@id":"https:\/\/josuha-guilavogui-foundation.com\/#website","url":"https:\/\/josuha-guilavogui-foundation.com\/","name":"Josuha Guilavogui Foundation","description":"","potentialAction":[{"@type":"SearchAction","target":{"@type":"EntryPoint","urlTemplate":"https:\/\/josuha-guilavogui-foundation.com\/?s={search_term_string}"},"query-input":{"@type":"PropertyValueSpecification","valueRequired":true,"valueName":"search_term_string"}}],"inLanguage":"en-GB"}]}},"_links":{"self":[{"href":"https:\/\/josuha-guilavogui-foundation.com\/en\/wp-json\/wp\/v2\/pages\/27","targetHints":{"allow":["GET"]}}],"collection":[{"href":"https:\/\/josuha-guilavogui-foundation.com\/en\/wp-json\/wp\/v2\/pages"}],"about":[{"href":"https:\/\/josuha-guilavogui-foundation.com\/en\/wp-json\/wp\/v2\/types\/page"}],"author":[{"embeddable":true,"href":"https:\/\/josuha-guilavogui-foundation.com\/en\/wp-json\/wp\/v2\/users\/1"}],"replies":[{"embeddable":true,"href":"https:\/\/josuha-guilavogui-foundation.com\/en\/wp-json\/wp\/v2\/comments?post=27"}],"version-history":[{"count":28,"href":"https:\/\/josuha-guilavogui-foundation.com\/en\/wp-json\/wp\/v2\/pages\/27\/revisions"}],"predecessor-version":[{"id":1773,"href":"https:\/\/josuha-guilavogui-foundation.com\/en\/wp-json\/wp\/v2\/pages\/27\/revisions\/1773"}],"wp:attachment":[{"href":"https:\/\/josuha-guilavogui-foundation.com\/en\/wp-json\/wp\/v2\/media?parent=27"}],"curies":[{"name":"wp","href":"https:\/\/api.w.org\/{rel}","templated":true}]}}