{"id":23,"date":"2025-01-04T23:58:15","date_gmt":"2025-01-04T22:58:15","guid":{"rendered":"https:\/\/josuha-guilavogui-foundation.com\/?page_id=23"},"modified":"2025-05-24T12:10:51","modified_gmt":"2025-05-24T10:10:51","slug":"make-a-donation","status":"publish","type":"page","link":"https:\/\/josuha-guilavogui-foundation.com\/en\/make-a-donation\/","title":{"rendered":"Make a donation"},"content":{"rendered":"<div data-elementor-type=\"wp-page\" data-elementor-id=\"23\" class=\"elementor elementor-23\" data-elementor-post-type=\"page\">\n\t\t\t\t<div data-particle_enable=\"false\" data-particle-mobile-disabled=\"false\" class=\"elementor-element elementor-element-06442a1 e-flex e-con-boxed e-con e-parent\" data-id=\"06442a1\" data-element_type=\"container\" data-e-type=\"container\" data-settings=\"{&quot;background_background&quot;:&quot;classic&quot;,&quot;jet_parallax_layout_list&quot;:[]}\">\n\t\t\t\t\t<div class=\"e-con-inner\">\n\t\t\t\t<div class=\"elementor-element elementor-element-0d0a6b7 elementor-widget elementor-widget-heading\" data-id=\"0d0a6b7\" data-element_type=\"widget\" data-e-type=\"widget\" data-widget_type=\"heading.default\">\n\t\t\t\t<div class=\"elementor-widget-container\">\n\t\t\t\t\t<h1 class=\"elementor-heading-title elementor-size-default\">Make a donation<\/h1>\t\t\t\t<\/div>\n\t\t\t\t<\/div>\n\t\t\t\t<div class=\"elementor-element elementor-element-e40837d elementor-align-center elementor-widget elementor-widget-breadcrumbs\" data-id=\"e40837d\" data-element_type=\"widget\" data-e-type=\"widget\" data-widget_type=\"breadcrumbs.default\">\n\t\t\t\t<div class=\"elementor-widget-container\">\n\t\t\t\t\t<p id=\"breadcrumbs\"><span><span><a href=\"https:\/\/josuha-guilavogui-foundation.com\/en\">Home<\/a><\/span><\/span><\/p>\t\t\t\t<\/div>\n\t\t\t\t<\/div>\n\t\t\t\t\t<\/div>\n\t\t\t\t<\/div>\n\t\t<div data-particle_enable=\"false\" data-particle-mobile-disabled=\"false\" class=\"elementor-element elementor-element-c8c3fd8 e-flex e-con-boxed e-con e-parent\" data-id=\"c8c3fd8\" data-element_type=\"container\" data-e-type=\"container\" data-settings=\"{&quot;jet_parallax_layout_list&quot;:[]}\">\n\t\t\t\t\t<div class=\"e-con-inner\">\n\t\t<div data-particle_enable=\"false\" data-particle-mobile-disabled=\"false\" class=\"elementor-element elementor-element-1780e47 e-con-full e-flex e-con e-child\" data-id=\"1780e47\" data-element_type=\"container\" data-e-type=\"container\" data-settings=\"{&quot;jet_parallax_layout_list&quot;:[]}\">\n\t\t\t\t<div class=\"elementor-element elementor-element-78e82d3 elementor-widget elementor-widget-shortcode\" data-id=\"78e82d3\" data-element_type=\"widget\" data-e-type=\"widget\" data-widget_type=\"shortcode.default\">\n\t\t\t\t<div class=\"elementor-widget-container\">\n\t\t\t\t\t\t\t<div class=\"elementor-shortcode\"><sc-checkout\n\tclass=\"checkout\"\n\tid=\"sc-checkout-1228\"\n\tstyle=\"text-align: left;--sc-form-row-spacing: 30px;--sc-color-primary-500: #000000;--sc-focus-ring-color-primary: #000000;--sc-input-border-color-focus: #000000;\"\n\tmodified=\"2025-08-01 23:25:39\"\n\talignment=\"\"\n\tsuccess-url=\"\"\n>\n\t<sc-form>\n\t\t\t\t\t<sc-checkbox name=\"get_feedback\" value=\"Feedback\" style=\"display: none !important;\"><\/sc-checkbox>\n\t\t\t\t\n<div class=\"wp-block-surecart-product-donation\">\n\t\t\t\t\n<div style=\"border: none;  --columns:5;  \" class=\"wp-block-surecart-product-donation-amounts\">\n\t\t\t\t<sc-choices label=\"Montant du don\" required=\"true\">\n\t\t\t\t\t\n<sc-product-donation-amount-choice class=\"wp-block-surecart-product-donation-amount\" value=\"500\" product-id=\"b3d703b3-f1ea-4964-bfeb-5309c60cadbd\" label=\"5 \u20ac\" recurring=\"false\"><\/sc-product-donation-amount-choice>\n\n<sc-product-donation-amount-choice class=\"wp-block-surecart-product-donation-amount\" value=\"1000\" product-id=\"b3d703b3-f1ea-4964-bfeb-5309c60cadbd\" label=\"10 \u20ac\" recurring=\"false\"><\/sc-product-donation-amount-choice>\n\n<sc-product-donation-amount-choice class=\"wp-block-surecart-product-donation-amount\" value=\"2000\" product-id=\"b3d703b3-f1ea-4964-bfeb-5309c60cadbd\" label=\"20\u00a0\u20ac\" recurring=\"false\"><\/sc-product-donation-amount-choice>\n\n<sc-product-donation-amount-choice class=\"wp-block-surecart-product-donation-amount\" value=\"5000\" product-id=\"b3d703b3-f1ea-4964-bfeb-5309c60cadbd\" label=\"50\u00a0\u20ac\" recurring=\"false\"><\/sc-product-donation-amount-choice>\n\n<sc-product-donation-amount-choice class=\"wp-block-surecart-product-donation-amount\" value=\"10000\" product-id=\"b3d703b3-f1ea-4964-bfeb-5309c60cadbd\" label=\"100\u00a0\u20ac\" recurring=\"false\"><\/sc-product-donation-amount-choice>\n\n<sc-product-donation-amount-choice class=\"wp-block-surecart-product-donation-amount\" value=\"20000\" product-id=\"b3d703b3-f1ea-4964-bfeb-5309c60cadbd\" label=\"200\u00a0\u20ac\" recurring=\"false\"><\/sc-product-donation-amount-choice>\n\n<sc-product-donation-amount-choice class=\"wp-block-surecart-product-donation-amount\" value=\"50000\" product-id=\"b3d703b3-f1ea-4964-bfeb-5309c60cadbd\" label=\"500\u00a0\u20ac\" recurring=\"false\"><\/sc-product-donation-amount-choice>\n\n<sc-product-donation-custom-amount class=\"wp-block-surecart-product-donation-custom-amount\" product-id=\"b3d703b3-f1ea-4964-bfeb-5309c60cadbd\"><\/sc-product-donation-custom-amount>\n\n\t\t\t\t<\/sc-choices>\n\t\t\t<\/div>\n\n<div style=\"border: none;  --columns:2; \" class=\"wp-block-surecart-product-donation-prices\">\n\t\t\t\t<sc-choices label=\"Souhaitez-vous faire un don r\u00e9current ?\" required=\"true\">\n\t\t\t\t\t\n<sc-product-donation-choices class=\"wp-block-surecart-product-donation-price\" recurring=\"true\" product-id=\"b3d703b3-f1ea-4964-bfeb-5309c60cadbd\">Yes, you can count on me!<\/sc-product-donation-choices>\n\n<sc-product-donation-choices class=\"wp-block-surecart-product-donation-price\" recurring=\"false\" product-id=\"b3d703b3-f1ea-4964-bfeb-5309c60cadbd\">No, I'm making a one-off donation<\/sc-product-donation-choices>\n\n\t\t\t\t<\/sc-choices>\n\t\t\t<\/div>\n\n\t\t\t<\/div>\n\n\n<div class=\"wp-block-columns is-layout-flex wp-container-core-columns-is-layout-28f84493 wp-block-columns-is-layout-flex\">\n<div class=\"wp-block-column is-layout-flow wp-block-column-is-layout-flow\">\n\t\t<sc-customer-email\n\t\t\tclass=\"\"\n\t\t\tlabel=\"E-mail\"\n\t\t\t\t\t\t\t\t\t\t\t\t\t\t\trequired\n\t\t\tautocomplete='email'\n\t\t\tinputmode='email'\n\t\t>\n\t\t<\/sc-customer-email>\n\n\t\t<\/div>\n<\/div>\n\n\n\n<div class=\"wp-block-columns is-layout-flex wp-container-core-columns-is-layout-28f84493 wp-block-columns-is-layout-flex\">\n<div class=\"wp-block-column is-layout-flow wp-block-column-is-layout-flow\">\n<sc-customer-firstname label=\"Pr\u00e9nom\" required class=\"wp-block-surecart-first-name\"><\/sc-customer-firstname>\n<\/div>\n\n\n\n<div class=\"wp-block-column is-layout-flow wp-block-column-is-layout-flow\">\n<sc-customer-lastname label=\"Nom\" required class=\"wp-block-surecart-last-name\"><\/sc-customer-lastname>\n<\/div>\n<\/div>\n\n\n\n\t\t<sc-payment\n\t\t\tid=\"sc-payment-0\"\n\t\t\tclass=\"\"\n\t\t>\n\t\t\t\t\t\t\t<sc-stripe-payment-element slot=\"stripe\"><\/sc-stripe-payment-element>\n\t\t\t\n\t\t\t\t\t<\/sc-payment>\n\t\t\n\n\n<sc-order-summary collapsible=\"1\" collapsed-on-desktop=\"1\" order-summary-text=\"R\u00e9sum\u00e9\" invoice-summary-text=\"R\u00e9sum\u00e9 de facture\" collapsed-on-mobile=\"1\" class=\"wp-block-surecart-totals\">\n<sc-divider><\/sc-divider>\n\n\n\n<sc-line-items removable=\"1\" editable=\"1\" class=\"wp-block-surecart-line-items\"><\/sc-line-items>\n\n\n\n<sc-divider><\/sc-divider>\n\n\n\n<sc-line-item-total total=\"subtotal\" class=\"wp-block-surecart-subtotal\"><span slot=\"description\">Subtotal<\/span><span slot=\"total-payments-description\">Total Installment Payments<\/span><span slot=\"first-payment-subtotal-description\">Initial Payment<\/span><\/sc-line-item-total>\n\n\n<sc-line-item-trial class=\"wp-block-surecart-trial-line-item\" label=\"Trial\"><\/sc-line-item-trial>\n\n\t\t<sc-order-coupon-form\n\t\t\tlabel=\"Add Coupon Code\"\n\t\t\tplaceholder=\"Entrer le code de r\u00e9duction\"\n\t\t\tbutton-text=\"Apply Coupon\"\n\t\t\tcollapsed>\n\t\t<\/sc-order-coupon-form>\n\t\t\n\n\n<sc-line-item-tax class=\"wp-block-surecart-tax-line-item\"><\/sc-line-item-tax>\n\n\n\n<sc-divider><\/sc-divider>\n\n\n\n<sc-line-item-total total=\"total\" size=\"large\" show-currency=\"1\" class=\"wp-block-surecart-total\"><span slot=\"title\">Total<\/span><span slot=\"subscription-title\">Total Due Today<\/span><span slot=\"first-payment-total-description\">Subtotal<\/span><span slot=\"free-trial-description\">Trial<\/span><span slot=\"due-amount-description\">Amount Due<\/span><\/sc-line-item-total>\n<\/sc-order-summary>\n\n\n\t\t<sc-order-submit\n\t\t\ttype=\"primary\"\n\t\t\tfull=\"true\"\n\t\t\tsize=\"large\"\n\t\t\ticon=\"lock\"\t\t\tshow-total=\"true\"\n\t\t\tsecure-notice=\"true\"\n\t\t\tsecure-notice-text=\"Processus de paiement crypt\u00e9 et s\u00e9curis\u00e9.\"\n\t\t\t\t\t\t\t\t\tclass=\"wp-block-surecart-submit\"\n\t\t>Confirm my donation<\/sc-order-submit>\n\t\t\n\t<\/sc-form>\n<\/sc-checkout>\n\t<\/div>\n\t\t\t\t\t\t<\/div>\n\t\t\t\t<\/div>\n\t\t\t\t<\/div>\n\t\t<div data-particle_enable=\"false\" data-particle-mobile-disabled=\"false\" class=\"elementor-element elementor-element-784f49b e-flex e-con-boxed e-con e-child\" data-id=\"784f49b\" data-element_type=\"container\" data-e-type=\"container\" data-settings=\"{&quot;jet_parallax_layout_list&quot;:[]}\">\n\t\t\t\t\t<div class=\"e-con-inner\">\n\t\t<div data-particle_enable=\"false\" data-particle-mobile-disabled=\"false\" class=\"elementor-element elementor-element-51eaf0e e-con-full e-flex e-con e-child\" data-id=\"51eaf0e\" data-element_type=\"container\" data-e-type=\"container\" data-settings=\"{&quot;background_background&quot;:&quot;classic&quot;,&quot;jet_parallax_layout_list&quot;:[]}\">\n\t\t\t\t<div class=\"elementor-element elementor-element-81a0d9e elementor-widget elementor-widget-heading\" data-id=\"81a0d9e\" data-element_type=\"widget\" data-e-type=\"widget\" data-widget_type=\"heading.default\">\n\t\t\t\t<div class=\"elementor-widget-container\">\n\t\t\t\t\t<h2 class=\"elementor-heading-title elementor-size-default\">By bank transfer<\/h2>\t\t\t\t<\/div>\n\t\t\t\t<\/div>\n\t\t\t\t<div class=\"elementor-element elementor-element-3c5376e elementor-widget elementor-widget-text-editor\" data-id=\"3c5376e\" data-element_type=\"widget\" data-e-type=\"widget\" data-widget_type=\"text-editor.default\">\n\t\t\t\t<div class=\"elementor-widget-container\">\n\t\t\t\t\t\t\t\t\t<p>Would you prefer to make a donation by bank transfer?<\/p><p><b>Here are the contact details:<\/b><\/p><p><b>Account holder :<\/b> Josuha Guilavogui Foundation<\/p><p><b>IBAN :<\/b> DE55 2697 1038 0220 4212 00<\/p><p><span style=\"font-size: 1rem;\"><b>SWIFT\/BIC code :<\/b> DEUTDE2H269<\/span><\/p><p><b>Purpose of the transfer :<\/b> Donation Josuha Guilavogui Foundation<\/p><p>Every contribution, large or small, helps us to offer a better future to the children of Guinea. Thank you very much for your generosity.<\/p>\t\t\t\t\t\t\t\t<\/div>\n\t\t\t\t<\/div>\n\t\t\t\t<\/div>\n\t\t<div data-particle_enable=\"false\" data-particle-mobile-disabled=\"false\" class=\"elementor-element elementor-element-49b07d6 e-con-full e-flex e-con e-child\" data-id=\"49b07d6\" data-element_type=\"container\" data-e-type=\"container\" data-settings=\"{&quot;jet_parallax_layout_list&quot;:[]}\">\n\t\t\t\t<div class=\"elementor-element elementor-element-7dc3fb4 elementor-widget elementor-widget-text-editor\" data-id=\"7dc3fb4\" data-element_type=\"widget\" data-e-type=\"widget\" data-widget_type=\"text-editor.default\">\n\t\t\t\t<div class=\"elementor-widget-container\">\n\t\t\t\t\t\t\t\t\t<p><strong data-start=\"93\" data-end=\"137\">Are you resident in Germany for tax purposes?<\/strong><br data-start=\"137\" data-end=\"140\" \/>Download below the official donation confirmation form, which you can use to file your tax return with the German tax authorities.<\/p>\t\t\t\t\t\t\t\t<\/div>\n\t\t\t\t<\/div>\n\t\t\t\t<div class=\"elementor-element elementor-element-77e947f elementor-mobile-align-left elementor-widget elementor-widget-button\" data-id=\"77e947f\" data-element_type=\"widget\" data-e-type=\"widget\" data-widget_type=\"button.default\">\n\t\t\t\t<div class=\"elementor-widget-container\">\n\t\t\t\t\t\t\t\t\t<div class=\"elementor-button-wrapper\">\n\t\t\t\t\t<a class=\"elementor-button elementor-button-link elementor-size-sm\" href=\"https:\/\/josuha-guilavogui-foundation.com\/wp-content\/uploads\/2025\/05\/2024_Vereinfachter_Zuwendungsnachweis_JGF.pdf\" target=\"_blank\">\n\t\t\t\t\t\t<span class=\"elementor-button-content-wrapper\">\n\t\t\t\t\t\t\t\t\t<span class=\"elementor-button-text\">Tax receipt (Germany)<\/span>\n\t\t\t\t\t<\/span>\n\t\t\t\t\t<\/a>\n\t\t\t\t<\/div>\n\t\t\t\t\t\t\t\t<\/div>\n\t\t\t\t<\/div>\n\t\t\t\t<\/div>\n\t\t\t\t\t<\/div>\n\t\t\t\t<\/div>\n\t\t\t\t\t<\/div>\n\t\t\t\t<\/div>\n\t\t\t\t<\/div>","protected":false},"excerpt":{"rendered":"<p>Par virement Vous pr\u00e9f\u00e9rez faire un don par virement bancaire ? Voici les coordonn\u00e9es \u00e0 utiliser : Titulaire du compte : Fondation Josuha Guilavogui IBAN : DE55 2697 1038 0220 4212 00 Code SWIFT\/BIC : DEUTDE2H269 Objet du virement : Don Fondation Josuha Guilavogui Chaque contribution, petite ou grande, nous aide \u00e0 offrir un avenir [&hellip;]<\/p>\n","protected":false},"author":1,"featured_media":0,"parent":0,"menu_order":0,"comment_status":"closed","ping_status":"closed","template":"elementor_header_footer","meta":{"_surecart_dashboard_logo_width":"180px","_surecart_dashboard_show_logo":true,"_surecart_dashboard_navigation_orders":true,"_surecart_dashboard_navigation_invoices":true,"_surecart_dashboard_navigation_subscriptions":true,"_surecart_dashboard_navigation_downloads":true,"_surecart_dashboard_navigation_billing":true,"_surecart_dashboard_navigation_account":true,"footnotes":""},"class_list":["post-23","page","type-page","status-publish","hentry"],"yoast_head":"<!-- This site is optimized with the Yoast SEO plugin v27.5 - https:\/\/yoast.com\/product\/yoast-seo-wordpress\/ -->\n<title>Faire un don - Josuha Guilavogui Foundation<\/title>\n<meta name=\"robots\" content=\"index, follow, max-snippet:-1, max-image-preview:large, max-video-preview:-1\" \/>\n<link rel=\"canonical\" href=\"https:\/\/josuha-guilavogui-foundation.com\/en\/make-a-donation\/\" \/>\n<meta property=\"og:locale\" content=\"en_GB\" \/>\n<meta property=\"og:type\" content=\"article\" \/>\n<meta property=\"og:title\" content=\"Faire un don - Josuha Guilavogui Foundation\" \/>\n<meta property=\"og:description\" content=\"Par virement Vous pr\u00e9f\u00e9rez faire un don par virement bancaire ? Voici les coordonn\u00e9es \u00e0 utiliser : Titulaire du compte : Fondation Josuha Guilavogui IBAN : DE55 2697 1038 0220 4212 00 Code SWIFT\/BIC : DEUTDE2H269 Objet du virement : Don Fondation Josuha Guilavogui Chaque contribution, petite ou grande, nous aide \u00e0 offrir un avenir [&hellip;]\" \/>\n<meta property=\"og:url\" content=\"https:\/\/josuha-guilavogui-foundation.com\/en\/make-a-donation\/\" \/>\n<meta property=\"og:site_name\" content=\"Josuha Guilavogui Foundation\" \/>\n<meta property=\"article:modified_time\" content=\"2025-05-24T10:10:51+00:00\" \/>\n<meta name=\"twitter:card\" content=\"summary_large_image\" \/>\n<meta name=\"twitter:label1\" content=\"Estimated reading time\" \/>\n\t<meta name=\"twitter:data1\" content=\"1 minute\" \/>\n<script type=\"application\/ld+json\" class=\"yoast-schema-graph\">{\"@context\":\"https:\\\/\\\/schema.org\",\"@graph\":[{\"@type\":\"WebPage\",\"@id\":\"https:\\\/\\\/josuha-guilavogui-foundation.com\\\/faire-un-don\\\/\",\"url\":\"https:\\\/\\\/josuha-guilavogui-foundation.com\\\/faire-un-don\\\/\",\"name\":\"Faire un don - Josuha Guilavogui Foundation\",\"isPartOf\":{\"@id\":\"https:\\\/\\\/josuha-guilavogui-foundation.com\\\/#website\"},\"datePublished\":\"2025-01-04T22:58:15+00:00\",\"dateModified\":\"2025-05-24T10:10:51+00:00\",\"breadcrumb\":{\"@id\":\"https:\\\/\\\/josuha-guilavogui-foundation.com\\\/faire-un-don\\\/#breadcrumb\"},\"inLanguage\":\"en-GB\",\"potentialAction\":[{\"@type\":\"ReadAction\",\"target\":[\"https:\\\/\\\/josuha-guilavogui-foundation.com\\\/faire-un-don\\\/\"]}]},{\"@type\":\"BreadcrumbList\",\"@id\":\"https:\\\/\\\/josuha-guilavogui-foundation.com\\\/faire-un-don\\\/#breadcrumb\",\"itemListElement\":[{\"@type\":\"ListItem\",\"position\":1,\"name\":\"Accueil\",\"item\":\"https:\\\/\\\/josuha-guilavogui-foundation.com\\\/\"},{\"@type\":\"ListItem\",\"position\":2,\"name\":\"Faire un don\"}]},{\"@type\":\"WebSite\",\"@id\":\"https:\\\/\\\/josuha-guilavogui-foundation.com\\\/#website\",\"url\":\"https:\\\/\\\/josuha-guilavogui-foundation.com\\\/\",\"name\":\"Josuha Guilavogui Foundation\",\"description\":\"\",\"potentialAction\":[{\"@type\":\"SearchAction\",\"target\":{\"@type\":\"EntryPoint\",\"urlTemplate\":\"https:\\\/\\\/josuha-guilavogui-foundation.com\\\/?s={search_term_string}\"},\"query-input\":{\"@type\":\"PropertyValueSpecification\",\"valueRequired\":true,\"valueName\":\"search_term_string\"}}],\"inLanguage\":\"en-GB\"}]}<\/script>\n<!-- \/ Yoast SEO plugin. -->","yoast_head_json":{"title":"Make a donation - Josuha Guilavogui Foundation","robots":{"index":"index","follow":"follow","max-snippet":"max-snippet:-1","max-image-preview":"max-image-preview:large","max-video-preview":"max-video-preview:-1"},"canonical":"https:\/\/josuha-guilavogui-foundation.com\/en\/make-a-donation\/","og_locale":"en_GB","og_type":"article","og_title":"Faire un don - Josuha Guilavogui Foundation","og_description":"Par virement Vous pr\u00e9f\u00e9rez faire un don par virement bancaire ? Voici les coordonn\u00e9es \u00e0 utiliser : Titulaire du compte : Fondation Josuha Guilavogui IBAN : DE55 2697 1038 0220 4212 00 Code SWIFT\/BIC : DEUTDE2H269 Objet du virement : Don Fondation Josuha Guilavogui Chaque contribution, petite ou grande, nous aide \u00e0 offrir un avenir [&hellip;]","og_url":"https:\/\/josuha-guilavogui-foundation.com\/en\/make-a-donation\/","og_site_name":"Josuha Guilavogui Foundation","article_modified_time":"2025-05-24T10:10:51+00:00","twitter_card":"summary_large_image","twitter_misc":{"Estimated reading time":"1 minute"},"schema":{"@context":"https:\/\/schema.org","@graph":[{"@type":"WebPage","@id":"https:\/\/josuha-guilavogui-foundation.com\/faire-un-don\/","url":"https:\/\/josuha-guilavogui-foundation.com\/faire-un-don\/","name":"Make a donation - Josuha Guilavogui Foundation","isPartOf":{"@id":"https:\/\/josuha-guilavogui-foundation.com\/#website"},"datePublished":"2025-01-04T22:58:15+00:00","dateModified":"2025-05-24T10:10:51+00:00","breadcrumb":{"@id":"https:\/\/josuha-guilavogui-foundation.com\/faire-un-don\/#breadcrumb"},"inLanguage":"en-GB","potentialAction":[{"@type":"ReadAction","target":["https:\/\/josuha-guilavogui-foundation.com\/faire-un-don\/"]}]},{"@type":"BreadcrumbList","@id":"https:\/\/josuha-guilavogui-foundation.com\/faire-un-don\/#breadcrumb","itemListElement":[{"@type":"ListItem","position":1,"name":"Accueil","item":"https:\/\/josuha-guilavogui-foundation.com\/"},{"@type":"ListItem","position":2,"name":"Faire un don"}]},{"@type":"WebSite","@id":"https:\/\/josuha-guilavogui-foundation.com\/#website","url":"https:\/\/josuha-guilavogui-foundation.com\/","name":"Josuha Guilavogui Foundation","description":"","potentialAction":[{"@type":"SearchAction","target":{"@type":"EntryPoint","urlTemplate":"https:\/\/josuha-guilavogui-foundation.com\/?s={search_term_string}"},"query-input":{"@type":"PropertyValueSpecification","valueRequired":true,"valueName":"search_term_string"}}],"inLanguage":"en-GB"}]}},"_links":{"self":[{"href":"https:\/\/josuha-guilavogui-foundation.com\/en\/wp-json\/wp\/v2\/pages\/23","targetHints":{"allow":["GET"]}}],"collection":[{"href":"https:\/\/josuha-guilavogui-foundation.com\/en\/wp-json\/wp\/v2\/pages"}],"about":[{"href":"https:\/\/josuha-guilavogui-foundation.com\/en\/wp-json\/wp\/v2\/types\/page"}],"author":[{"embeddable":true,"href":"https:\/\/josuha-guilavogui-foundation.com\/en\/wp-json\/wp\/v2\/users\/1"}],"replies":[{"embeddable":true,"href":"https:\/\/josuha-guilavogui-foundation.com\/en\/wp-json\/wp\/v2\/comments?post=23"}],"version-history":[{"count":43,"href":"https:\/\/josuha-guilavogui-foundation.com\/en\/wp-json\/wp\/v2\/pages\/23\/revisions"}],"predecessor-version":[{"id":1784,"href":"https:\/\/josuha-guilavogui-foundation.com\/en\/wp-json\/wp\/v2\/pages\/23\/revisions\/1784"}],"wp:attachment":[{"href":"https:\/\/josuha-guilavogui-foundation.com\/en\/wp-json\/wp\/v2\/media?parent=23"}],"curies":[{"name":"wp","href":"https:\/\/api.w.org\/{rel}","templated":true}]}}