{"id":37,"date":"2025-01-05T00:05:55","date_gmt":"2025-01-04T23:05:55","guid":{"rendered":"https:\/\/josuha-guilavogui-foundation.com\/?page_id=37"},"modified":"2025-05-24T11:58:34","modified_gmt":"2025-05-24T09:58:34","slug":"rechtliche-hinweise","status":"publish","type":"page","link":"https:\/\/josuha-guilavogui-foundation.com\/de\/rechtliche-hinweise\/","title":{"rendered":"Rechtliche Hinweise"},"content":{"rendered":"<div data-elementor-type=\"wp-page\" data-elementor-id=\"37\" class=\"elementor elementor-37\" data-elementor-post-type=\"page\">\n\t\t\t\t<div data-particle_enable=\"false\" data-particle-mobile-disabled=\"false\" class=\"elementor-element elementor-element-da980be e-flex e-con-boxed e-con e-parent\" data-id=\"da980be\" data-element_type=\"container\" data-e-type=\"container\" data-settings=\"{&quot;background_background&quot;:&quot;classic&quot;,&quot;jet_parallax_layout_list&quot;:[]}\">\n\t\t\t\t\t<div class=\"e-con-inner\">\n\t\t\t\t<div class=\"elementor-element elementor-element-8702b76 elementor-widget elementor-widget-heading\" data-id=\"8702b76\" data-element_type=\"widget\" data-e-type=\"widget\" data-widget_type=\"heading.default\">\n\t\t\t\t<div class=\"elementor-widget-container\">\n\t\t\t\t\t<h1 class=\"elementor-heading-title elementor-size-default\">Rechtliche Hinweise<\/h1>\t\t\t\t<\/div>\n\t\t\t\t<\/div>\n\t\t\t\t<div class=\"elementor-element elementor-element-c7b1c53 elementor-align-center elementor-widget elementor-widget-breadcrumbs\" data-id=\"c7b1c53\" data-element_type=\"widget\" data-e-type=\"widget\" data-widget_type=\"breadcrumbs.default\">\n\t\t\t\t<div class=\"elementor-widget-container\">\n\t\t\t\t\t<p id=\"breadcrumbs\"><span><span><a href=\"https:\/\/josuha-guilavogui-foundation.com\/de\">Startseite<\/a><\/span><\/span><\/p>\t\t\t\t<\/div>\n\t\t\t\t<\/div>\n\t\t\t\t\t<\/div>\n\t\t\t\t<\/div>\n\t\t<div data-particle_enable=\"false\" data-particle-mobile-disabled=\"false\" class=\"elementor-element elementor-element-cd1f048 e-flex e-con-boxed e-con e-parent\" data-id=\"cd1f048\" data-element_type=\"container\" data-e-type=\"container\" data-settings=\"{&quot;jet_parallax_layout_list&quot;:[]}\">\n\t\t\t\t\t<div class=\"e-con-inner\">\n\t\t\t\t<div class=\"elementor-element elementor-element-6863204 elementor-widget elementor-widget-text-editor\" data-id=\"6863204\" data-element_type=\"widget\" data-e-type=\"widget\" data-widget_type=\"text-editor.default\">\n\t\t\t\t<div class=\"elementor-widget-container\">\n\t\t\t\t\t\t\t\t\t<p><strong>Herausgeber der Seite<\/strong><br \/>\nJosuha Guilavogui Stiftung<br \/>\nVertreten durch : Josuha Guilavogui<\/p>\n\n<p>E-Mail: <a href=\"mailto:info@josuha-guilavogui-foundation.com\">info@josuha-guilavogui-foundation.com<\/a><\/p>\n\n<p><strong>Offizielle Adresse der Stiftung<\/strong><br \/>\nJosuha Guilavogui Foundation, c\/o Deutsche StiftungsTrust GmbH, Adolphsplatz 7, D-20457 Hamburg - Deutschland<\/p>\n\n<p><strong>Verantwortlich f\u00fcr die Ver\u00f6ffentlichung<\/strong><br \/>\nJosuha Guilavogui<\/p>\n\n<p><strong>Konzeption und Gestaltung der Website<\/strong><br \/>\nWebsite erstellt von Yohann Deprez<br \/>\nE-Mail: <a href=\"mailto:contact@yohanndeprez.fr\">contact@yohanndeprez.fr<\/a><br \/>\nWebsite : <a href=\"https:\/\/yohanndeprez.fr\/\" target=\"_blank\" rel=\"noopener\">https:\/\/yohanndeprez.fr\/<\/a><\/p>\n\n<p><strong>Unterkunft<\/strong><br \/>\nDie Website wird gehostet von: o2switch<br \/>\nAdresse: 222 Boulevard Gustave Flaubert, 63000 Clermont-Ferrand, Frankreich<br \/>\nTelefon: 04 44 44 60 40<br \/>\nWebsite : <a href=\"https:\/\/www.o2switch.fr\/\" target=\"_blank\" rel=\"noopener\">https:\/\/www.o2switch.fr\/<\/a><\/p>\n\n<p><strong>Geistiges Eigentum<\/strong><br \/>\nAlle Elemente auf dieser Website (Texte, Bilder, Grafiken, Logos, Videos usw.) sind durch die geltenden Gesetze \u00fcber geistiges Eigentum gesch\u00fctzt und bleiben das ausschlie\u00dfliche Eigentum der Stiftung Josuha Guilavogui, sofern nicht anders angegeben. Jegliche Vervielf\u00e4ltigung oder Nutzung ohne Genehmigung ist strengstens untersagt.<\/p>\n\n<p><strong>Beschr\u00e4nkung der Haftung<\/strong><br \/>\nDie Josuha Guilavogui Foundation bem\u00fcht sich, die Richtigkeit und Aktualit\u00e4t der auf dieser Website verbreiteten Informationen sicherzustellen. Sie kann jedoch nicht f\u00fcr Fehler oder Auslassungen oder f\u00fcr Sch\u00e4den haftbar gemacht werden, die sich aus dem Zugang oder der Nutzung der Website ergeben k\u00f6nnen.<\/p>\n\n<p><strong>Hyperlinks<\/strong><br \/>\nDiese Website kann Links zu anderen Websites enthalten. Die Josuha Guilavogui Foundation ist nicht f\u00fcr den Inhalt dieser externen Websites verantwortlich.<\/p>\n\t\t\t\t\t\t\t\t<\/div>\n\t\t\t\t<\/div>\n\t\t\t\t\t<\/div>\n\t\t\t\t<\/div>\n\t\t\t\t<\/div>","protected":false},"excerpt":{"rendered":"<p>\u00c9diteur du site Fondation Josuha Guilavogui Repr\u00e9sent\u00e9e par : Josuha Guilavogui Email : info@josuha-guilavogui-foundation.com Adresse officielle de la fondation Fondation Josuha Guilavogui, c\/o Deutsche StiftungsTrust GmbH, Adolphsplatz 7, D-20457 Hambourg \u2013 Allemagne Responsable de la publication Josuha Guilavogui Conception et r\u00e9alisation du site Site r\u00e9alis\u00e9 par Yohann Deprez Email : contact@yohanndeprez.fr Site web : https:\/\/yohanndeprez.fr\/ [&hellip;]<\/p>\n","protected":false},"author":1,"featured_media":0,"parent":0,"menu_order":0,"comment_status":"closed","ping_status":"closed","template":"elementor_header_footer","meta":{"_surecart_dashboard_logo_width":"180px","_surecart_dashboard_show_logo":true,"_surecart_dashboard_navigation_orders":true,"_surecart_dashboard_navigation_invoices":true,"_surecart_dashboard_navigation_subscriptions":true,"_surecart_dashboard_navigation_downloads":true,"_surecart_dashboard_navigation_billing":true,"_surecart_dashboard_navigation_account":true,"footnotes":""},"class_list":["post-37","page","type-page","status-publish","hentry"],"yoast_head":"<!-- This site is optimized with the Yoast SEO plugin v27.5 - https:\/\/yoast.com\/product\/yoast-seo-wordpress\/ -->\n<title>Mentions l\u00e9gales - Josuha Guilavogui Foundation<\/title>\n<meta name=\"robots\" content=\"index, follow, max-snippet:-1, max-image-preview:large, max-video-preview:-1\" \/>\n<link rel=\"canonical\" href=\"https:\/\/josuha-guilavogui-foundation.com\/de\/rechtliche-hinweise\/\" \/>\n<meta property=\"og:locale\" content=\"de_DE\" \/>\n<meta property=\"og:type\" content=\"article\" \/>\n<meta property=\"og:title\" content=\"Mentions l\u00e9gales - Josuha Guilavogui Foundation\" \/>\n<meta property=\"og:description\" content=\"\u00c9diteur du site Fondation Josuha Guilavogui Repr\u00e9sent\u00e9e par : Josuha Guilavogui Email : info@josuha-guilavogui-foundation.com Adresse officielle de la fondation Fondation Josuha Guilavogui, c\/o Deutsche StiftungsTrust GmbH, Adolphsplatz 7, D-20457 Hambourg \u2013 Allemagne Responsable de la publication Josuha Guilavogui Conception et r\u00e9alisation du site Site r\u00e9alis\u00e9 par Yohann Deprez Email : contact@yohanndeprez.fr Site web : https:\/\/yohanndeprez.fr\/ [&hellip;]\" \/>\n<meta property=\"og:url\" content=\"https:\/\/josuha-guilavogui-foundation.com\/de\/rechtliche-hinweise\/\" \/>\n<meta property=\"og:site_name\" content=\"Josuha Guilavogui Foundation\" \/>\n<meta property=\"article:modified_time\" content=\"2025-05-24T09:58:34+00:00\" \/>\n<meta name=\"twitter:card\" content=\"summary_large_image\" \/>\n<meta name=\"twitter:label1\" content=\"Gesch\u00e4tzte Lesezeit\" \/>\n\t<meta name=\"twitter:data1\" content=\"2\u00a0Minuten\" \/>\n<script type=\"application\/ld+json\" class=\"yoast-schema-graph\">{\"@context\":\"https:\\\/\\\/schema.org\",\"@graph\":[{\"@type\":\"WebPage\",\"@id\":\"https:\\\/\\\/josuha-guilavogui-foundation.com\\\/mentions-legales\\\/\",\"url\":\"https:\\\/\\\/josuha-guilavogui-foundation.com\\\/mentions-legales\\\/\",\"name\":\"Mentions l\u00e9gales - Josuha Guilavogui Foundation\",\"isPartOf\":{\"@id\":\"https:\\\/\\\/josuha-guilavogui-foundation.com\\\/#website\"},\"datePublished\":\"2025-01-04T23:05:55+00:00\",\"dateModified\":\"2025-05-24T09:58:34+00:00\",\"breadcrumb\":{\"@id\":\"https:\\\/\\\/josuha-guilavogui-foundation.com\\\/mentions-legales\\\/#breadcrumb\"},\"inLanguage\":\"de\",\"potentialAction\":[{\"@type\":\"ReadAction\",\"target\":[\"https:\\\/\\\/josuha-guilavogui-foundation.com\\\/mentions-legales\\\/\"]}]},{\"@type\":\"BreadcrumbList\",\"@id\":\"https:\\\/\\\/josuha-guilavogui-foundation.com\\\/mentions-legales\\\/#breadcrumb\",\"itemListElement\":[{\"@type\":\"ListItem\",\"position\":1,\"name\":\"Accueil\",\"item\":\"https:\\\/\\\/josuha-guilavogui-foundation.com\\\/\"},{\"@type\":\"ListItem\",\"position\":2,\"name\":\"Mentions l\u00e9gales\"}]},{\"@type\":\"WebSite\",\"@id\":\"https:\\\/\\\/josuha-guilavogui-foundation.com\\\/#website\",\"url\":\"https:\\\/\\\/josuha-guilavogui-foundation.com\\\/\",\"name\":\"Josuha Guilavogui Foundation\",\"description\":\"\",\"potentialAction\":[{\"@type\":\"SearchAction\",\"target\":{\"@type\":\"EntryPoint\",\"urlTemplate\":\"https:\\\/\\\/josuha-guilavogui-foundation.com\\\/?s={search_term_string}\"},\"query-input\":{\"@type\":\"PropertyValueSpecification\",\"valueRequired\":true,\"valueName\":\"search_term_string\"}}],\"inLanguage\":\"de\"}]}<\/script>\n<!-- \/ Yoast SEO plugin. -->","yoast_head_json":{"title":"Rechtliche Hinweise - Josuha Guilavogui Foundation","robots":{"index":"index","follow":"follow","max-snippet":"max-snippet:-1","max-image-preview":"max-image-preview:large","max-video-preview":"max-video-preview:-1"},"canonical":"https:\/\/josuha-guilavogui-foundation.com\/de\/rechtliche-hinweise\/","og_locale":"de_DE","og_type":"article","og_title":"Mentions l\u00e9gales - Josuha Guilavogui Foundation","og_description":"\u00c9diteur du site Fondation Josuha Guilavogui Repr\u00e9sent\u00e9e par : Josuha Guilavogui Email : info@josuha-guilavogui-foundation.com Adresse officielle de la fondation Fondation Josuha Guilavogui, c\/o Deutsche StiftungsTrust GmbH, Adolphsplatz 7, D-20457 Hambourg \u2013 Allemagne Responsable de la publication Josuha Guilavogui Conception et r\u00e9alisation du site Site r\u00e9alis\u00e9 par Yohann Deprez Email : contact@yohanndeprez.fr Site web : https:\/\/yohanndeprez.fr\/ [&hellip;]","og_url":"https:\/\/josuha-guilavogui-foundation.com\/de\/rechtliche-hinweise\/","og_site_name":"Josuha Guilavogui Foundation","article_modified_time":"2025-05-24T09:58:34+00:00","twitter_card":"summary_large_image","twitter_misc":{"Gesch\u00e4tzte Lesezeit":"2\u00a0Minuten"},"schema":{"@context":"https:\/\/schema.org","@graph":[{"@type":"WebPage","@id":"https:\/\/josuha-guilavogui-foundation.com\/mentions-legales\/","url":"https:\/\/josuha-guilavogui-foundation.com\/mentions-legales\/","name":"Rechtliche Hinweise - Josuha Guilavogui Foundation","isPartOf":{"@id":"https:\/\/josuha-guilavogui-foundation.com\/#website"},"datePublished":"2025-01-04T23:05:55+00:00","dateModified":"2025-05-24T09:58:34+00:00","breadcrumb":{"@id":"https:\/\/josuha-guilavogui-foundation.com\/mentions-legales\/#breadcrumb"},"inLanguage":"de","potentialAction":[{"@type":"ReadAction","target":["https:\/\/josuha-guilavogui-foundation.com\/mentions-legales\/"]}]},{"@type":"BreadcrumbList","@id":"https:\/\/josuha-guilavogui-foundation.com\/mentions-legales\/#breadcrumb","itemListElement":[{"@type":"ListItem","position":1,"name":"Accueil","item":"https:\/\/josuha-guilavogui-foundation.com\/"},{"@type":"ListItem","position":2,"name":"Mentions l\u00e9gales"}]},{"@type":"WebSite","@id":"https:\/\/josuha-guilavogui-foundation.com\/#website","url":"https:\/\/josuha-guilavogui-foundation.com\/","name":"Josuha Guilavogui Foundation","description":"","potentialAction":[{"@type":"SearchAction","target":{"@type":"EntryPoint","urlTemplate":"https:\/\/josuha-guilavogui-foundation.com\/?s={search_term_string}"},"query-input":{"@type":"PropertyValueSpecification","valueRequired":true,"valueName":"search_term_string"}}],"inLanguage":"de"}]}},"_links":{"self":[{"href":"https:\/\/josuha-guilavogui-foundation.com\/de\/wp-json\/wp\/v2\/pages\/37","targetHints":{"allow":["GET"]}}],"collection":[{"href":"https:\/\/josuha-guilavogui-foundation.com\/de\/wp-json\/wp\/v2\/pages"}],"about":[{"href":"https:\/\/josuha-guilavogui-foundation.com\/de\/wp-json\/wp\/v2\/types\/page"}],"author":[{"embeddable":true,"href":"https:\/\/josuha-guilavogui-foundation.com\/de\/wp-json\/wp\/v2\/users\/1"}],"replies":[{"embeddable":true,"href":"https:\/\/josuha-guilavogui-foundation.com\/de\/wp-json\/wp\/v2\/comments?post=37"}],"version-history":[{"count":13,"href":"https:\/\/josuha-guilavogui-foundation.com\/de\/wp-json\/wp\/v2\/pages\/37\/revisions"}],"predecessor-version":[{"id":1777,"href":"https:\/\/josuha-guilavogui-foundation.com\/de\/wp-json\/wp\/v2\/pages\/37\/revisions\/1777"}],"wp:attachment":[{"href":"https:\/\/josuha-guilavogui-foundation.com\/de\/wp-json\/wp\/v2\/media?parent=37"}],"curies":[{"name":"wp","href":"https:\/\/api.w.org\/{rel}","templated":true}]}}